{"id":25,"date":"2022-09-17T16:25:29","date_gmt":"2022-09-17T15:25:29","guid":{"rendered":"https:\/\/www.ssmk.dk\/?page_id=25"},"modified":"2026-03-29T14:43:19","modified_gmt":"2026-03-29T13:43:19","slug":"priser","status":"publish","type":"page","link":"https:\/\/www.ssmk.dk\/?page_id=25","title":{"rendered":"Priser"},"content":{"rendered":"\n<figure class=\"wp-block-table alignwide\" style=\"line-height:1.1\"><table><tbody><tr><td class=\"has-text-align-left\" data-align=\"left\"><strong><em>Kosmetisk behandling med botulinumtoksin<\/em><\/strong><\/td><td class=\"has-text-align-right\" data-align=\"right\"><\/td><\/tr><tr><td class=\"has-text-align-left\" data-align=\"left\">\u00c9t omr\u00e5de<\/td><td class=\"has-text-align-right\" data-align=\"right\">1.200,-<\/td><\/tr><tr><td class=\"has-text-align-left\" data-align=\"left\">To omr\u00e5der<\/td><td class=\"has-text-align-right\" data-align=\"right\">1.800,-<\/td><\/tr><tr><td class=\"has-text-align-left\" data-align=\"left\">Tre omr\u00e5der<\/td><td class=\"has-text-align-right\" data-align=\"right\">2.600,-<\/td><\/tr><tr><td class=\"has-text-align-left\" data-align=\"left\">Mindre omr\u00e5der som tandk\u00f8dssmil, mundvigen, l\u00f8ft af overl\u00e6be<\/td><td class=\"has-text-align-right\" data-align=\"right\">600,-<\/td><\/tr><tr><td class=\"has-text-align-left\" data-align=\"left\"><strong><em>Ikke-permanente fillers<\/em><\/strong> <\/td><td class=\"has-text-align-right\" data-align=\"right\"><\/td><\/tr><tr><td class=\"has-text-align-left\" data-align=\"left\">Filler 1 ml<\/td><td class=\"has-text-align-right\" data-align=\"right\">2.000,-<\/td><\/tr><tr><td class=\"has-text-align-left\" data-align=\"left\">V\u00e6vsremodellering med Profhilo 2 ml<\/td><td class=\"has-text-align-right\" data-align=\"right\">2.000,-<\/td><\/tr><tr><td class=\"has-text-align-left\" data-align=\"left\">Skinbooster<\/td><td class=\"has-text-align-right\" data-align=\"right\">1.500,-<\/td><\/tr><tr><td class=\"has-text-align-left\" data-align=\"left\"><strong><em>Peeling med produkter med en pH-v\u00e6rdi p\u00e5 3 eller derunder<\/em><\/strong><\/td><td class=\"has-text-align-right\" data-align=\"right\"><\/td><\/tr><tr><td class=\"has-text-align-left\" data-align=\"left\"><strong>Retinol peeling<\/strong><br>F\u00e5 fornyet sp\u00e6ndstighed og gl\u00f8d, j\u00e6vnere hudstruktur og hudtone og f\u00e6rre alderstegn<\/td><td class=\"has-text-align-right\" data-align=\"right\">1.500,-<\/td><\/tr><tr><td class=\"has-text-align-left\" data-align=\"left\"><strong>Neostrata basisbehandling 1<\/strong><br>Afrensning, AHA-PHA peeling, plejende produkter<\/td><td class=\"has-text-align-right\" data-align=\"right\">750,-<\/td><\/tr><tr><td class=\"has-text-align-left\" data-align=\"left\"><strong>Neostrata basisbehandling 2<\/strong><br>Afrensning, AHA-PHA peeling, maske, plejende produkter<\/td><td class=\"has-text-align-right\" data-align=\"right\">950,-<\/td><\/tr><tr><td class=\"has-text-align-left\" data-align=\"left\"><strong>Neostrata rensende behandling<\/strong><br>Afrensning, AHA-PHA peeling, dybderensning, maske, plejende produkter<\/td><td class=\"has-text-align-right\" data-align=\"right\">1.300,-<\/td><\/tr><tr><td class=\"has-text-align-left\" data-align=\"left\"><strong>Neostrata Classic<\/strong><br>Afrensning, AHA-PHA peeling, udrensning, ansigtsmassage, maske, plejende produkter<\/td><td class=\"has-text-align-right\" data-align=\"right\">1.400,-<\/td><\/tr><tr><td class=\"has-text-align-left\" data-align=\"left\"><strong>Neostrata luksus ansigtsbehandling<\/strong><br>Afrensning, AHA-PHA peeling, udrensning, ansigtsmassage, maske, farvning af vipper og bryn, plejende produkter<\/td><td class=\"has-text-align-right\" data-align=\"right\">1.600,-<\/td><\/tr><tr><td class=\"has-text-align-left\" data-align=\"left\"><strong>Neostrata rygbehandling<\/strong><br>Afrensning, AHA-PHA peeling, udrensning, maske, plejende produkter<\/td><td class=\"has-text-align-right\" data-align=\"right\">2.500,-<\/td><\/tr><tr><td class=\"has-text-align-left\" data-align=\"left\"><strong>Ekstraydelser<\/strong><br>i forbindelse med ansigtsbehandling:<\/td><td class=\"has-text-align-right\" data-align=\"right\"><\/td><\/tr><tr><td class=\"has-text-align-left\" data-align=\"left\">Superpeeling<\/td><td class=\"has-text-align-right\" data-align=\"right\">300,-<\/td><\/tr><tr><td class=\"has-text-align-left\" data-align=\"left\">\u00d8jenbehandling<\/td><td class=\"has-text-align-right\" data-align=\"right\">300,-<\/td><\/tr><tr><td class=\"has-text-align-left\" data-align=\"left\">Voksbehandling<\/td><td class=\"has-text-align-right\" data-align=\"right\">300,-<\/td><\/tr><tr><td class=\"has-text-align-left\" data-align=\"left\">Till\u00e6g for behandling af brystparti og h\u00e6nder i forbindelse med ansigtsbehandling<\/td><td class=\"has-text-align-right\" data-align=\"right\">300,-<\/td><\/tr><tr><td class=\"has-text-align-left\" data-align=\"left\">Fjernelse af milium i forbindelse med ansigtsbehandling<\/td><td class=\"has-text-align-right\" data-align=\"right\">350,-<\/td><\/tr><tr><td class=\"has-text-align-left\" data-align=\"left\"><strong><em>Microneedling med SkinPen<\/em><\/strong><\/td><td class=\"has-text-align-right\" data-align=\"right\"><\/td><\/tr><tr><td class=\"has-text-align-left\" data-align=\"left\">Microneedling af ansigt, hals og brystpartiet<\/td><td class=\"has-text-align-right\" data-align=\"right\">2.000,-<\/td><\/tr><tr><td class=\"has-text-align-left\" data-align=\"left\"><strong><em>PRP- eller PRF-behandling<\/em><\/strong><\/td><td class=\"has-text-align-right\" data-align=\"right\"><\/td><\/tr><tr><td class=\"has-text-align-left\" data-align=\"left\">Behandling af ansigt<br>Afrensning af huden, indspr\u00f8jtning med plasma, plejende maske, afsluttende creme med solbeskyttelse<\/td><td class=\"has-text-align-right\" data-align=\"right\">1.500,-<\/td><\/tr><tr><td class=\"has-text-align-left\" data-align=\"left\">Behandling af ansigt , hals og decolt\u00e9<br>Afrensning af huden, indspr\u00f8jtning med plasma, plejende maske, afsluttende creme med solbeskyttelse<\/td><td class=\"has-text-align-right\" data-align=\"right\">2.500,-<\/td><\/tr><tr><td class=\"has-text-align-left\" data-align=\"left\">Ekstraydelser<\/td><td class=\"has-text-align-right\" data-align=\"right\"><\/td><\/tr><tr><td class=\"has-text-align-left\" data-align=\"left\">Plasmabehandling p\u00e5 h\u00e6nder<\/td><td class=\"has-text-align-right\" data-align=\"right\">600,-<\/td><\/tr><tr><td class=\"has-text-align-left\" data-align=\"left\"><strong><em>Farvning af vipper og bryn<\/em><\/strong><\/td><td class=\"has-text-align-right\" data-align=\"right\"><\/td><\/tr><tr><td class=\"has-text-align-left\" data-align=\"left\">Farvning af vipper og bryn, inkl. retning af bryn<\/td><td class=\"has-text-align-right\" data-align=\"right\">550,-<\/td><\/tr><tr><td class=\"has-text-align-left\" data-align=\"left\">i forb. med ansigtsbehandling<\/td><td class=\"has-text-align-right\" data-align=\"right\">400,-<\/td><\/tr><tr><td class=\"has-text-align-left\" data-align=\"left\">Farvning af bryn eller vipper<\/td><td class=\"has-text-align-right\" data-align=\"right\">275,-<\/td><\/tr><tr><td class=\"has-text-align-left\" data-align=\"left\">Retning af bryn<\/td><td class=\"has-text-align-right\" data-align=\"right\">275,-<\/td><\/tr><tr><td class=\"has-text-align-left\" data-align=\"left\">Farvning af bryn eller vipper samt retning af bryn<\/td><td class=\"has-text-align-right\" data-align=\"right\">385,-<\/td><\/tr><tr><td class=\"has-text-align-left\" data-align=\"left\"><strong><em>H\u00e5rfjerning<\/em><\/strong><\/td><td class=\"has-text-align-right\" data-align=\"right\"><\/td><\/tr><tr><td class=\"has-text-align-left\" data-align=\"left\">Underben inkl. kn\u00e6<\/td><td class=\"has-text-align-right\" data-align=\"right\">750,-<\/td><\/tr><tr><td class=\"has-text-align-left\" data-align=\"left\">Hele ben<\/td><td class=\"has-text-align-right\" data-align=\"right\">950,-<\/td><\/tr><tr><td class=\"has-text-align-left\" data-align=\"left\">Hele ben incl. bikinilinje<\/td><td class=\"has-text-align-right\" data-align=\"right\">1.100,-<\/td><\/tr><tr><td class=\"has-text-align-left\" data-align=\"left\">Bikinilinje \/ axi \/ mave<\/td><td class=\"has-text-align-right\" data-align=\"right\">700,-<\/td><\/tr><tr><td class=\"has-text-align-left\" data-align=\"left\">Overl\u00e6be \/ hage \/ kinder<\/td><td class=\"has-text-align-right\" data-align=\"right\">400,-<\/td><\/tr><tr><td class=\"has-text-align-left\" data-align=\"left\">Ryg \/ bryst \/ l\u00e6nd<\/td><td class=\"has-text-align-right\" data-align=\"right\">750,-<\/td><\/tr><tr><td class=\"has-text-align-left\" data-align=\"left\">Arme<\/td><td class=\"has-text-align-right\" data-align=\"right\">750,-<\/td><\/tr><tr><td class=\"has-text-align-left\" data-align=\"left\"><strong><em>Massage<\/em><\/strong><\/td><td class=\"has-text-align-right\" data-align=\"right\"><\/td><\/tr><tr><td class=\"has-text-align-left\" data-align=\"left\">Ansigtsmassage<br>Afstressende massage for ansigt og sj\u00e6l.<\/td><td class=\"has-text-align-right\" data-align=\"right\">800,-<\/td><\/tr><tr><td class=\"has-text-align-left\" data-align=\"left\">Kropsmassage<br>Afstressende massage for krop og sj\u00e6l.<\/td><td class=\"has-text-align-right\" data-align=\"right\">2.000,-<\/td><\/tr><\/tbody><\/table><\/figure>\n\n\n\n<p><\/p>\n","protected":false},"excerpt":{"rendered":"<p>Kosmetisk behandling med botulinumtoksin \u00c9t omr\u00e5de 1.200,- To omr\u00e5der 1.800,- Tre omr\u00e5der 2.600,- Mindre omr\u00e5der som tandk\u00f8dssmil, mundvigen, l\u00f8ft af overl\u00e6be 600,- Ikke-permanente fillers Filler 1 ml 2.000,- V\u00e6vsremodellering med Profhilo 2 ml 2.000,- Skinbooster 1.500,- Peeling med produkter med en pH-v\u00e6rdi p\u00e5 3 eller derunder Retinol peelingF\u00e5 fornyet sp\u00e6ndstighed og gl\u00f8d, j\u00e6vnere hudstruktur og [&hellip;]<\/p>\n","protected":false},"author":1,"featured_media":0,"parent":0,"menu_order":7,"comment_status":"closed","ping_status":"closed","template":"wp-custom-template-full-width","meta":{"footnotes":""},"class_list":["post-25","page","type-page","status-publish","hentry"],"_links":{"self":[{"href":"https:\/\/www.ssmk.dk\/index.php?rest_route=\/wp\/v2\/pages\/25","targetHints":{"allow":["GET"]}}],"collection":[{"href":"https:\/\/www.ssmk.dk\/index.php?rest_route=\/wp\/v2\/pages"}],"about":[{"href":"https:\/\/www.ssmk.dk\/index.php?rest_route=\/wp\/v2\/types\/page"}],"author":[{"embeddable":true,"href":"https:\/\/www.ssmk.dk\/index.php?rest_route=\/wp\/v2\/users\/1"}],"replies":[{"embeddable":true,"href":"https:\/\/www.ssmk.dk\/index.php?rest_route=%2Fwp%2Fv2%2Fcomments&post=25"}],"version-history":[{"count":14,"href":"https:\/\/www.ssmk.dk\/index.php?rest_route=\/wp\/v2\/pages\/25\/revisions"}],"predecessor-version":[{"id":242,"href":"https:\/\/www.ssmk.dk\/index.php?rest_route=\/wp\/v2\/pages\/25\/revisions\/242"}],"wp:attachment":[{"href":"https:\/\/www.ssmk.dk\/index.php?rest_route=%2Fwp%2Fv2%2Fmedia&parent=25"}],"curies":[{"name":"wp","href":"https:\/\/api.w.org\/{rel}","templated":true}]}}