{"id":214,"date":"2023-01-02T23:41:06","date_gmt":"2023-01-02T22:41:06","guid":{"rendered":"https:\/\/www.ssmk.dk\/?page_id=214"},"modified":"2026-03-29T15:23:35","modified_gmt":"2026-03-29T14:23:35","slug":"fillers","status":"publish","type":"page","link":"https:\/\/www.ssmk.dk\/?page_id=214","title":{"rendered":"Kosmetisk behandling med fillers"},"content":{"rendered":"\n<p>F\u00e5 mere fylde og fugt i huden, genopret tabt fylde og ret udj\u00e6vnheder og asymmetrier.<br>Behandlingen kr\u00e6ver en gratis forunders\u00f8gelse hos vores sygeplejerske eller l\u00e6ge. Herefter er der mindst to dages bet\u00e6nkningstid f\u00f8r udf\u00f8relse.<\/p>\n\n\n\n<p>Vi behandler med Aliaxin og Profhilo, som begge er fra den schweiziske farmaceutiske virksomhed IBSA, der er en af de f\u00f8rende inden for fremstilling af hyaluronsyre. IBSA&#8217;s hyaluronsyre er ultraren og klassificeret med &#8220;H\u00f8jeste kvalitet&#8221; p\u00e5 verdensplan.<\/p>\n\n\n\n<p>Aliaxin\u00ae er en serie af rene hyaluronsyrebaserede dermale fillere fra IBSA Derma, designet til at genoprette ansigtsvolumen, definere konturer og reducere rynker med naturlige resultater. Produkterne er kendt for h\u00f8j v\u00e6vsintegration, Hydrolift\u00ae-teknologi.<\/p>\n\n\n\n<p>Profhilo\u00ae er udviklet med IBSA\u2019s patenterede NAHYCO\u00ae-teknologi klinisk testet og indeholder en af de h\u00f8jeste koncentrationer af hyaluronsyre p\u00e5 markedet, hvilket maksimerer virkningen uden tils\u00e6tning af krydsbundne kemiske stoffer.<\/p>\n\n\n\n<p>Profhilo er hyaluronsyre med h\u00f8j koncentration p\u00e5 64 mg\/2ml.<\/p>\n\n\n\n<p>Profhilo giver fugt i dybden af v\u00e6vet og l\u00f8fter i de behandlede omr\u00e5der.<\/p>\n\n\n\n<p>Profhilo forbliver i huden i 28 dage og frigives langsomt i huden og stimulerer flere typer af kollagen og elastin i huden.<\/p>\n\n\n\n<p>Profhilo er en mindre traumatisk behandling, da den udf\u00f8res ved punktindspr\u00f8jtningsteknik og er mere sikker, da indstiksteder placeres v\u00e6k fra arterier, nerver, spytkirtler og \u00e5ndedr\u00e6t ved hver indspr\u00f8jtning.<\/p>\n\n\n\n<p>Profhilo udf\u00f8res kun med 10 stik- den anerkendte BAP-metode (Bio Aesthetic Points)<\/p>\n\n\n\n<p>Antallet af stik og derfor ubehag reduceres- det betyder, at vores Profhilo-behandling er perfekt at f\u00e5 p\u00e5 farten med minimal efterf\u00f8lgende down time.<\/p>\n\n\n\n<p>Profhilo standartcyklus best\u00e5r af to behandlinger med 30 dages interval, efterfulgt af vedligeholdende behandling efter behov.<\/p>\n\n\n\n<p>Efter Profhilobehandling anbefales det, at man undg\u00e5r solbadning og varmep\u00e5virkning (sauna, dampbad) i 7-10 dage og undg\u00e5r make-up p\u00e5 selve behandlingsdagen.<\/p>\n","protected":false},"excerpt":{"rendered":"<p>F\u00e5 mere fylde og fugt i huden, genopret tabt fylde og ret udj\u00e6vnheder og asymmetrier.Behandlingen kr\u00e6ver en gratis forunders\u00f8gelse hos vores sygeplejerske eller l\u00e6ge. Herefter er der mindst to dages bet\u00e6nkningstid f\u00f8r udf\u00f8relse. Vi behandler med Aliaxin og Profhilo, som begge er fra den schweiziske farmaceutiske virksomhed IBSA, der er en af de f\u00f8rende inden [&hellip;]<\/p>\n","protected":false},"author":1,"featured_media":0,"parent":0,"menu_order":3,"comment_status":"closed","ping_status":"closed","template":"","meta":{"footnotes":""},"class_list":["post-214","page","type-page","status-publish","hentry"],"_links":{"self":[{"href":"https:\/\/www.ssmk.dk\/index.php?rest_route=\/wp\/v2\/pages\/214","targetHints":{"allow":["GET"]}}],"collection":[{"href":"https:\/\/www.ssmk.dk\/index.php?rest_route=\/wp\/v2\/pages"}],"about":[{"href":"https:\/\/www.ssmk.dk\/index.php?rest_route=\/wp\/v2\/types\/page"}],"author":[{"embeddable":true,"href":"https:\/\/www.ssmk.dk\/index.php?rest_route=\/wp\/v2\/users\/1"}],"replies":[{"embeddable":true,"href":"https:\/\/www.ssmk.dk\/index.php?rest_route=%2Fwp%2Fv2%2Fcomments&post=214"}],"version-history":[{"count":5,"href":"https:\/\/www.ssmk.dk\/index.php?rest_route=\/wp\/v2\/pages\/214\/revisions"}],"predecessor-version":[{"id":248,"href":"https:\/\/www.ssmk.dk\/index.php?rest_route=\/wp\/v2\/pages\/214\/revisions\/248"}],"wp:attachment":[{"href":"https:\/\/www.ssmk.dk\/index.php?rest_route=%2Fwp%2Fv2%2Fmedia&parent=214"}],"curies":[{"name":"wp","href":"https:\/\/api.w.org\/{rel}","templated":true}]}}