{"id":18,"date":"2022-09-17T16:26:39","date_gmt":"2022-09-17T15:26:39","guid":{"rendered":"https:\/\/www.ssmk.dk\/?page_id=18"},"modified":"2026-03-29T15:32:31","modified_gmt":"2026-03-29T14:32:31","slug":"neostrata-ansigtsbehandlinger","status":"publish","type":"page","link":"https:\/\/www.ssmk.dk\/?page_id=18","title":{"rendered":"Kosmetisk behandling med peeling"},"content":{"rendered":"\n<div class=\"wp-block-group alignwide is-vertical is-layout-flex wp-container-core-group-is-layout-fe9cc265 wp-block-group-is-layout-flex\">\n<p><strong>Konsultation og planl\u00e6gning af individuelt behandlingsforl\u00f8b<\/strong><br>Behandlingen kr\u00e6ver en gratis forunders\u00f8gelse hos vores sygeplejerske eller l\u00e6ge. Der kr\u00e6ves ikke bet\u00e6nkningstid f\u00f8r udf\u00f8relse, som om \u00f8nsket s\u00e5ledes kan ske samme dag. <\/p>\n\n\n\n<p>NeoStratas peelingsystem best\u00e5r af Retinol peeling, fire glykolsyrepeelinger og to m\u00e5lrettede specialpeelinger.<br>Specialpeelinger kan anvendes alene eller i kombination med en glykolsyrepeeling. <\/p>\n\n\n\n<p>I forbindelse med peelingbehandling anbefaler vi at man k\u00f8ber efterpeeling produkter, som forbedrer helingsprocessen og beskytter huden mod efterf\u00f8lgende solp\u00e5virkning.<\/p>\n\n\n\n<p>Ansigts- og halsbehandling med glykolsyrepeeling omfatter afrensning, glykolsyrepeeling, Clay maske, Aminofilcomplex, Bionic Face Creme og solfaktorcreme.<\/p>\n\n\n\n<p>Retinol peeling af ansigt og hals omfatter afrensning, p\u00e5f\u00f8ring af retinolpeeling, observering af huden i 10 min, vejledning i afvaskning af peelingen med vand i hjemmet efter det anbefalede antal timer samt vejledning i brug af plejeprodukter.<\/p>\n\n\n\n<p><strong>NeoStrata Professionelt Peel System<\/strong><br>Det professionelle peelingsystem fra NeoStrata kan tilpasses til en r\u00e6kke forskellige hudproblemer. <br>Med syv forskellige former for peeling er der mange muligheder for at tilpasse behandlingen til en r\u00e6kke tilstande i huden.<br>Der bruges forskellige styrker og sammens\u00e6tninger for at opfylde behov s\u00e5 optimalt som muligt.<br>NeoStrata peelingsystem kan med fordel anvendes i kombination med injektionsbehandlinger, mikrodermobrasion, laser\/IPL og andre \u00e6stetiske behandlinger.<\/p>\n<\/div>\n","protected":false},"excerpt":{"rendered":"<p>Konsultation og planl\u00e6gning af individuelt behandlingsforl\u00f8bBehandlingen kr\u00e6ver en gratis forunders\u00f8gelse hos vores sygeplejerske eller l\u00e6ge. Der kr\u00e6ves ikke bet\u00e6nkningstid f\u00f8r udf\u00f8relse, som om \u00f8nsket s\u00e5ledes kan ske samme dag. NeoStratas peelingsystem best\u00e5r af Retinol peeling, fire glykolsyrepeelinger og to m\u00e5lrettede specialpeelinger.Specialpeelinger kan anvendes alene eller i kombination med en glykolsyrepeeling. I forbindelse med peelingbehandling anbefaler [&hellip;]<\/p>\n","protected":false},"author":1,"featured_media":0,"parent":0,"menu_order":4,"comment_status":"closed","ping_status":"closed","template":"","meta":{"footnotes":""},"class_list":["post-18","page","type-page","status-publish","hentry"],"_links":{"self":[{"href":"https:\/\/www.ssmk.dk\/index.php?rest_route=\/wp\/v2\/pages\/18","targetHints":{"allow":["GET"]}}],"collection":[{"href":"https:\/\/www.ssmk.dk\/index.php?rest_route=\/wp\/v2\/pages"}],"about":[{"href":"https:\/\/www.ssmk.dk\/index.php?rest_route=\/wp\/v2\/types\/page"}],"author":[{"embeddable":true,"href":"https:\/\/www.ssmk.dk\/index.php?rest_route=\/wp\/v2\/users\/1"}],"replies":[{"embeddable":true,"href":"https:\/\/www.ssmk.dk\/index.php?rest_route=%2Fwp%2Fv2%2Fcomments&post=18"}],"version-history":[{"count":9,"href":"https:\/\/www.ssmk.dk\/index.php?rest_route=\/wp\/v2\/pages\/18\/revisions"}],"predecessor-version":[{"id":252,"href":"https:\/\/www.ssmk.dk\/index.php?rest_route=\/wp\/v2\/pages\/18\/revisions\/252"}],"wp:attachment":[{"href":"https:\/\/www.ssmk.dk\/index.php?rest_route=%2Fwp%2Fv2%2Fmedia&parent=18"}],"curies":[{"name":"wp","href":"https:\/\/api.w.org\/{rel}","templated":true}]}}