{"id":11,"date":"2022-09-17T16:25:08","date_gmt":"2022-09-17T15:25:08","guid":{"rendered":"https:\/\/www.ssmk.dk\/?page_id=11"},"modified":"2026-03-29T14:59:45","modified_gmt":"2026-03-29T13:59:45","slug":"kosmetisk-behandling-med-botulinumtoksin","status":"publish","type":"page","link":"https:\/\/www.ssmk.dk\/?page_id=11","title":{"rendered":"Kosmetisk behandling med botulinumtoksin"},"content":{"rendered":"\n<div class=\"wp-block-group alignwide is-nowrap is-layout-flex wp-container-core-group-is-layout-6c531013 wp-block-group-is-layout-flex\">\n<p>F\u00e5 rynkerne til at l\u00e6gge sig og f\u00e5 en mere glat hud.<br>Behandlingen kr\u00e6ver en gratis forunders\u00f8gelse hos vores l\u00e6ge. Herefter er der mindst to dages bet\u00e6nkningstid f\u00f8r udf\u00f8relse.<\/p>\n<\/div>\n\n\n\n<div class=\"wp-block-group alignwide is-layout-flow wp-block-group-is-layout-flow\">\n<h2 class=\"wp-block-heading alignwide has-large-font-size\"><strong>S\u00e5ledes holder <strong>botulinumtoksin <\/strong>rynkerne nede<\/strong><\/h2>\n\n\n\n<p>Botulinumtoksin forhindrer nerveimpulser i at n\u00e5 ansigtsmusklerne, og s\u00e5 kan de ikke tr\u00e6kke sig sammen. Derfor forbliver huden oven over musklerne glat og rynkerne holdes nede.<\/p>\n\n\n\n<p>Kun de muskler der behandles med botulinumtoksin forhindres i at tr\u00e6kke sig sammen, de andre muskler p\u00e5virkes ikke.<\/p>\n<\/div>\n\n\n\n<div class=\"wp-block-group alignwide is-layout-flow wp-block-group-is-layout-flow\">\n<h2 class=\"wp-block-heading alignwide has-large-font-size\"><strong>Bocouture\u00ae &#8211; botulinumtoksin type A<\/strong> <\/h2>\n\n\n\n<p>Bocouture\u00ae er firmaet Mertz Aesthetics varem\u00e6rke for et kosmetisk l\u00e6gemiddel, der indeholder botulinumtoksin type A.<br>Bocouture\u00ae er udvundet fra bakterien clostridium botulinum og renset, s\u00e5 det ikke indeholder nogen komplekse proteiner, og har derfor mindre risiko for at udvikle antistoffer.<\/p>\n\n\n\n<h2 class=\"wp-block-heading alignwide has-large-font-size\"><strong>Vistabel\u00ae &#8211; botulinumtoksin type A<\/strong> <\/h2>\n\n\n\n<p>Vistabel\u00ae er firmaet Abbvies varem\u00e6rke for et kosmetisk l\u00e6gemiddel, der indeholder botulinumtoksin type A.<br>Vistabel\u00ae er udvundet fra bakterien clostridium botulinum. Vistabel\u00ae Botox\u00ae er varem\u00e6rket for det mest udbredte produkt.<\/p>\n\n\n\n<p><\/p>\n<\/div>\n\n\n\n<div class=\"wp-block-group alignwide is-layout-flow wp-block-group-is-layout-flow\">\n<h2 class=\"wp-block-heading alignwide has-large-font-size\"><strong>Hvordan udf\u00f8res behandlingen?<\/strong><\/h2>\n\n\n\n<p>For at afslappe musklen skal botulinumtoksin spr\u00f8jtes ind i den, og det sker med en lille engangsspr\u00f8jte med en meget lille kanyle&nbsp;er der kun meget lidt ubehag ved&nbsp;behandlingen.<\/p>\n\n\n\n<p>Behandlingen tager ca. 10-15 minutter, afh\u00e6ngig af hvor mange omr\u00e5der man&nbsp;\u00f8nsker at f\u00e5 behandlet. Man kan g\u00e5 p\u00e5 arbejde og lave alle andre daglige&nbsp;g\u00f8rem\u00e5l lige efter behandlingen.<\/p>\n\n\n\n<p>De f\u00f8rste 3-4 timer b\u00f8r man ikke gnide, eller massere det behandlede omr\u00e5de.&nbsp;Derimod er det kun positivt for behandlingen at bruge musklerne s\u00e5 meget som&nbsp;muligt den f\u00f8rste dag efter behandlingen.&nbsp;Efter indspr\u00f8jtningen tager det 2-3 dage f\u00f8r botulinumtoksin begynder at virke, og&nbsp;indtil 7-10 dage f\u00f8r man f\u00e5r den fulde effekt.<\/p>\n<\/div>\n\n\n\n<div class=\"wp-block-group alignwide is-layout-flow wp-block-group-is-layout-flow\">\n<h2 class=\"wp-block-heading alignwide has-large-font-size\"><strong>Hvor l\u00e6nge holder en&nbsp;behandling med botulinumtoksin?<\/strong><\/h2>\n\n\n\n<p>En fordel ved behandlingen er at effekten kun varer i&nbsp;gennemsnit 3-5 m\u00e5neder efter f\u00f8rstegangs behandlingen. Herefter kan man&nbsp;afg\u00f8re, om man \u00f8nsker at gentage behandlingen, og evt. ogs\u00e5 f\u00e5 behandlet&nbsp;andre omr\u00e5der.<\/p>\n\n\n\n<p>For at vedligeholde en optimal effekt, b\u00f8r man p\u00e5regne at gentage&nbsp;indspr\u00f8jtningerne 2-3 gange pr. \u00e5r. Resultaterne fra de f\u00f8rste&nbsp;videnskabelige studier med botulinumtoksin brugt mod rynkebehandling, tyder&nbsp;imidlertid p\u00e5, at effekten af botulinumtoksin varer l\u00e6ngere efter hver ny&nbsp;behandling.<\/p>\n\n\n\n<p>Det skyldes sandsynligvis at musklen, som bliver blokeret af&nbsp;botulinumtoksin bliver mindre og svagere efter hver behandling, fordi den&nbsp;ikke l\u00e6ngere bliver brugt. En anden faktor som ogs\u00e5 spiller en rolle&nbsp;er, at man ubevidst \u00e6ndrer sin mimik p\u00e5 grund af at enkelte sm\u00e5 muskler er&nbsp;blokerede af botulinumtoksin.<\/p>\n<\/div>\n\n\n\n<div class=\"wp-block-group alignwide is-layout-flow wp-block-group-is-layout-flow\">\n<h2 class=\"wp-block-heading alignwide has-large-font-size\">Komplikationer eller bivirkninger ved botulinumtoksin?<\/h2>\n\n\n\n<p>U\u00f8nskede bivirkninger ved brug af botulinumtoksin er meget sj\u00e6ldne, selv&nbsp;efter at produktet har v\u00e6ret brugt i over 12 \u00e5r i 60 forskellige lande.<\/p>\n\n\n\n<p>Den mest almindelige bivirkning er \u00f8mhed eller en lille blodudtr\u00e6delse ved&nbsp;indspr\u00f8jtningsstedet. I sj\u00e6ldne tilf\u00e6lde kan produktet&nbsp;give en&nbsp;forbig\u00e5ende sv\u00e6kkelse af de n\u00e6rliggende muskler. Der har v\u00e6ret beskrevet&nbsp;enkelte tilf\u00e6lde, hvor musklen som l\u00f8fter \u00f8vre \u00f8jenl\u00e5g er blevet forbig\u00e5ende&nbsp;sv\u00e6kket i 1-2 uger. Men fordi effekten af er forbig\u00e5ende, er&nbsp;ogs\u00e5 bivirkningerne forbig\u00e5ende. Der er frem til i dag p\u00e5 verdensplan ikke&nbsp;rapporteret om varige m\u00e9n efter behandlingen.<\/p>\n<\/div>\n","protected":false},"excerpt":{"rendered":"<p>F\u00e5 rynkerne til at l\u00e6gge sig og f\u00e5 en mere glat hud.Behandlingen kr\u00e6ver en gratis forunders\u00f8gelse hos vores l\u00e6ge. Herefter er der mindst to dages bet\u00e6nkningstid f\u00f8r udf\u00f8relse. S\u00e5ledes holder botulinumtoksin rynkerne nede Botulinumtoksin forhindrer nerveimpulser i at n\u00e5 ansigtsmusklerne, og s\u00e5 kan de ikke tr\u00e6kke sig sammen. Derfor forbliver huden oven over musklerne glat [&hellip;]<\/p>\n","protected":false},"author":1,"featured_media":0,"parent":0,"menu_order":2,"comment_status":"closed","ping_status":"closed","template":"wp-custom-template-full-width","meta":{"footnotes":""},"class_list":["post-11","page","type-page","status-publish","hentry"],"_links":{"self":[{"href":"https:\/\/www.ssmk.dk\/index.php?rest_route=\/wp\/v2\/pages\/11","targetHints":{"allow":["GET"]}}],"collection":[{"href":"https:\/\/www.ssmk.dk\/index.php?rest_route=\/wp\/v2\/pages"}],"about":[{"href":"https:\/\/www.ssmk.dk\/index.php?rest_route=\/wp\/v2\/types\/page"}],"author":[{"embeddable":true,"href":"https:\/\/www.ssmk.dk\/index.php?rest_route=\/wp\/v2\/users\/1"}],"replies":[{"embeddable":true,"href":"https:\/\/www.ssmk.dk\/index.php?rest_route=%2Fwp%2Fv2%2Fcomments&post=11"}],"version-history":[{"count":12,"href":"https:\/\/www.ssmk.dk\/index.php?rest_route=\/wp\/v2\/pages\/11\/revisions"}],"predecessor-version":[{"id":245,"href":"https:\/\/www.ssmk.dk\/index.php?rest_route=\/wp\/v2\/pages\/11\/revisions\/245"}],"wp:attachment":[{"href":"https:\/\/www.ssmk.dk\/index.php?rest_route=%2Fwp%2Fv2%2Fmedia&parent=11"}],"curies":[{"name":"wp","href":"https:\/\/api.w.org\/{rel}","templated":true}]}}